{"id":8,"date":"2013-11-19T15:50:34","date_gmt":"2013-11-19T14:50:34","guid":{"rendered":"http:\/\/biziere.com\/?page_id=8"},"modified":"2026-03-04T15:39:52","modified_gmt":"2026-03-04T14:39:52","slug":"accueil","status":"publish","type":"page","link":"https:\/\/biziere.com\/","title":{"rendered":"Accueil"},"content":{"rendered":"<div style=\"background-repeat: no-repeat;\"><h2 style=\"text-align: center;\">&nbsp;<\/h2>\n<p><img loading=\"lazy\" decoding=\"async\" src=\"https:\/\/biziere.com\/wp-content\/uploads\/2013\/11\/puce_orange.png\" alt=\"puce_orange\" width=\"10\" height=\"10\"> La soci\u00e9t\u00e9 Bizi\u00e8re est situ\u00e9e \u00e0 La Fl\u00e8che dans le d\u00e9partement de la Sarthe.<br \/>\nNotre \u00e9quipe de professionnels est sp\u00e9cialis\u00e9e dans le domaine de la charpente et de la couverture.<\/p>\n<p><img loading=\"lazy\" decoding=\"async\" src=\"https:\/\/biziere.com\/wp-content\/uploads\/2013\/11\/puce_orange.png\" alt=\"puce_orange\" width=\"10\" height=\"10\"> Pour satisfaire vos attentes et vos exigences nous intervenons rapidement.<br \/>\nNous vous proposons \u00e9galement le ramonage de votre chemin\u00e9e.<\/p>\n<p><img loading=\"lazy\" decoding=\"async\" src=\"https:\/\/biziere.com\/wp-content\/uploads\/2013\/11\/puce_orange.png\" alt=\"puce_orange\" width=\"10\" height=\"10\"> L&rsquo;entreprise Bizi\u00e8re intervient pour vos travaux de couverture, de ramonage et de charpentes en neuf ou en restauration, dans un rayon de 30 kilom\u00e8tres autour de La Fl\u00e8che.<\/p>\n<p><img loading=\"lazy\" decoding=\"async\" src=\"https:\/\/biziere.com\/wp-content\/uploads\/2013\/11\/puce_orange.png\" alt=\"puce_orange\" width=\"10\" height=\"10\"> Nous utilisons des tuiles plates et m\u00e9caniques ainsi que diverses mati\u00e8res telles que le m\u00e9tal, le zinc, cuivre, membrane PVC, bac aciers et ardoises.<\/p>\n<p style=\"text-align: center;\"><strong>Notre \u00e9quipe de professionnels vous garantit un travail soign\u00e9 et de qualit\u00e9.<\/strong><\/p>\n<figure style=\"text-align: center;\" class=\"wp-block-image aligncenter size-large is-resized\"><img loading=\"lazy\" decoding=\"async\" width=\"922\" height=\"1024\" class=\"wp-image-498\" style=\"width: 233px; height: 259px;\" src=\"https:\/\/biziere.com\/wp-content\/uploads\/2020\/06\/amiante-logo-922x1024.jpg\" alt=\"\" srcset=\"https:\/\/biziere.com\/wp-content\/uploads\/2020\/06\/amiante-logo-922x1024.jpg 922w, https:\/\/biziere.com\/wp-content\/uploads\/2020\/06\/amiante-logo-270x300.jpg 270w, https:\/\/biziere.com\/wp-content\/uploads\/2020\/06\/amiante-logo-768x853.jpg 768w, https:\/\/biziere.com\/wp-content\/uploads\/2020\/06\/amiante-logo.jpg 966w\" sizes=\"auto, (max-width: 922px) 100vw, 922px\" \/><br \/>\n<strong style=\"text-align: center;\">Certification probatoire SS3<\/strong><\/figure>\n<p><strong>&nbsp;<\/strong><\/p>\n<p><iframe loading=\"lazy\" style=\"border: 0;\" src=\"https:\/\/www.google.com\/maps\/embed?pb=!1m14!1m8!1m3!1d2684.3335006992083!2d-0.10220900000000001!3d47.716775999999996!3m2!1i1024!2i768!4f13.1!3m3!1m2!1s0x4808193be46fadbf%3A0xc7a702a902717bca!2sPerricher-Bizi%C3%A8re+SARL!5e0!3m2!1sfr!2sfr!4v1425992688517\" width=\"600\" height=\"450\" frameborder=\"0\"><\/iframe><\/p>\n<\/div>","protected":false},"excerpt":{"rendered":"<p>&nbsp; La soci\u00e9t\u00e9 Bizi\u00e8re est situ\u00e9e \u00e0 La Fl\u00e8che dans le d\u00e9partement de la Sarthe. Notre \u00e9quipe de professionnels est sp\u00e9cialis\u00e9e dans le domaine de la charpente et de la couverture. Pour satisfaire vos attentes et vos exigences nous intervenons rapidement. Nous vous proposons \u00e9galement le ramonage de votre chemin\u00e9e. L&rsquo;entreprise Bizi\u00e8re intervient pour vos [&hellip;]<\/p>\n","protected":false},"author":1,"featured_media":0,"parent":0,"menu_order":1,"comment_status":"closed","ping_status":"closed","template":"","meta":{"ngg_post_thumbnail":0,"footnotes":""},"class_list":["post-8","page","type-page","status-publish","hentry"],"_links":{"self":[{"href":"https:\/\/biziere.com\/index.php?rest_route=\/wp\/v2\/pages\/8","targetHints":{"allow":["GET"]}}],"collection":[{"href":"https:\/\/biziere.com\/index.php?rest_route=\/wp\/v2\/pages"}],"about":[{"href":"https:\/\/biziere.com\/index.php?rest_route=\/wp\/v2\/types\/page"}],"author":[{"embeddable":true,"href":"https:\/\/biziere.com\/index.php?rest_route=\/wp\/v2\/users\/1"}],"replies":[{"embeddable":true,"href":"https:\/\/biziere.com\/index.php?rest_route=%2Fwp%2Fv2%2Fcomments&post=8"}],"version-history":[{"count":26,"href":"https:\/\/biziere.com\/index.php?rest_route=\/wp\/v2\/pages\/8\/revisions"}],"predecessor-version":[{"id":538,"href":"https:\/\/biziere.com\/index.php?rest_route=\/wp\/v2\/pages\/8\/revisions\/538"}],"wp:attachment":[{"href":"https:\/\/biziere.com\/index.php?rest_route=%2Fwp%2Fv2%2Fmedia&parent=8"}],"curies":[{"name":"wp","href":"https:\/\/api.w.org\/{rel}","templated":true}]}}