{"id":34,"date":"2013-11-19T15:55:54","date_gmt":"2013-11-19T14:55:54","guid":{"rendered":"http:\/\/biziere.com\/?page_id=34"},"modified":"2026-03-04T15:46:34","modified_gmt":"2026-03-04T14:46:34","slug":"contact","status":"publish","type":"page","link":"https:\/\/biziere.com\/?page_id=34","title":{"rendered":"Contact"},"content":{"rendered":"<div style=\"background-repeat: no-repeat;\"><p><a href=\"https:\/\/biziere.com\/wp-content\/uploads\/2013\/11\/puce_orange.png\"><img loading=\"lazy\" decoding=\"async\" src=\"https:\/\/biziere.com\/wp-content\/uploads\/2013\/11\/puce_orange.png\" alt=\"puce_orange\" width=\"10\" height=\"10\"><\/a> Adresse postale et physique :<br \/>\nSARL Biziere<br \/>\nZA des \u00e9turcies<br \/>\n72 200 La Fl\u00e8che<\/p>\n<ul>\n<li>T\u00e9l\u00e9phone : 02 43 94 13 18<\/li>\n<li>Fax : 02 43 45 79 55<\/li>\n<li>Mail : <a title=\"Formulaire de contact\" href=\"https:\/\/biziere.com\/?page_id=89\" target=\"_blank\" rel=\"noopener noreferrer\">Utilisez notre formulaire de contact<\/a><\/li>\n<\/ul>\n<p><a href=\"https:\/\/biziere.com\/wp-content\/uploads\/2013\/11\/puce_orange.png\"><img loading=\"lazy\" decoding=\"async\" src=\"https:\/\/biziere.com\/wp-content\/uploads\/2013\/11\/puce_orange.png\" alt=\"puce_orange\" width=\"10\" height=\"10\"><\/a> Plan d&rsquo;acc\u00e8s :<iframe loading=\"lazy\" style=\"border: 0;\" src=\"https:\/\/www.google.com\/maps\/embed?pb=!1m14!1m8!1m3!1d2684.3335006992083!2d-0.10220900000000001!3d47.716775999999996!3m2!1i1024!2i768!4f13.1!3m3!1m2!1s0x4808193be46fadbf%3A0xc7a702a902717bca!2sPerricher-Bizi%C3%A8re+SARL!5e0!3m2!1sfr!2sfr!4v1425992688517\" width=\"600\" height=\"450\" frameborder=\"0\"><\/iframe><\/p>\n<\/div>","protected":false},"excerpt":{"rendered":"<p>Adresse postale et physique : SARL Biziere ZA des \u00e9turcies 72 200 La Fl\u00e8che T\u00e9l\u00e9phone : 02 43 94 13 18 Fax : 02 43 45 79 55 Mail : Utilisez notre formulaire de contact Plan d&rsquo;acc\u00e8s :<\/p>\n","protected":false},"author":1,"featured_media":0,"parent":0,"menu_order":7,"comment_status":"closed","ping_status":"closed","template":"","meta":{"ngg_post_thumbnail":0,"footnotes":""},"class_list":["post-34","page","type-page","status-publish","hentry"],"_links":{"self":[{"href":"https:\/\/biziere.com\/index.php?rest_route=\/wp\/v2\/pages\/34","targetHints":{"allow":["GET"]}}],"collection":[{"href":"https:\/\/biziere.com\/index.php?rest_route=\/wp\/v2\/pages"}],"about":[{"href":"https:\/\/biziere.com\/index.php?rest_route=\/wp\/v2\/types\/page"}],"author":[{"embeddable":true,"href":"https:\/\/biziere.com\/index.php?rest_route=\/wp\/v2\/users\/1"}],"replies":[{"embeddable":true,"href":"https:\/\/biziere.com\/index.php?rest_route=%2Fwp%2Fv2%2Fcomments&post=34"}],"version-history":[{"count":14,"href":"https:\/\/biziere.com\/index.php?rest_route=\/wp\/v2\/pages\/34\/revisions"}],"predecessor-version":[{"id":541,"href":"https:\/\/biziere.com\/index.php?rest_route=\/wp\/v2\/pages\/34\/revisions\/541"}],"wp:attachment":[{"href":"https:\/\/biziere.com\/index.php?rest_route=%2Fwp%2Fv2%2Fmedia&parent=34"}],"curies":[{"name":"wp","href":"https:\/\/api.w.org\/{rel}","templated":true}]}}