{"id":26,"date":"2013-11-19T15:54:38","date_gmt":"2013-11-19T14:54:38","guid":{"rendered":"http:\/\/biziere.com\/?page_id=26"},"modified":"2019-03-04T13:55:55","modified_gmt":"2019-03-04T12:55:55","slug":"charpente","status":"publish","type":"page","link":"https:\/\/biziere.com\/?page_id=26","title":{"rendered":"Charpente"},"content":{"rendered":"<div style=\"background-repeat: no-repeat;\">ngg_shortcode_0_placeholder\n<h4><a href=\"https:\/\/biziere.com\/wp-content\/uploads\/2013\/11\/puce_orange.png\"><img loading=\"lazy\" decoding=\"async\" src=\"https:\/\/biziere.com\/wp-content\/uploads\/2013\/11\/puce_orange.png\" alt=\"puce_orange\" width=\"10\" height=\"10\"><\/a> Clients<\/h4>\n<ul>\n<li>Particuliers<\/li>\n<li>Professionnels<\/li>\n<\/ul>\n<h4><a href=\"https:\/\/biziere.com\/wp-content\/uploads\/2013\/11\/puce_orange.png\"><img loading=\"lazy\" decoding=\"async\" src=\"https:\/\/biziere.com\/wp-content\/uploads\/2013\/11\/puce_orange.png\" alt=\"puce_orange\" width=\"10\" height=\"10\"><\/a> Charpentes<\/h4>\n<ul>\n<li>Charpente traditionnelle<\/li>\n<li>Pr\u00e9au<\/li>\n<li>Charpente sur-mesure<\/li>\n<li>V\u00e9randa<\/li>\n<\/ul>\n<h4><a href=\"https:\/\/biziere.com\/wp-content\/uploads\/2013\/11\/puce_orange.png\"><img loading=\"lazy\" decoding=\"async\" src=\"https:\/\/biziere.com\/wp-content\/uploads\/2013\/11\/puce_orange.png\" alt=\"puce_orange\" width=\"10\" height=\"10\"><\/a> Charpentes industrielles<\/h4>\n<ul>\n<li>Pose de fermettes<\/li>\n<\/ul>\n<h4><a href=\"https:\/\/biziere.com\/wp-content\/uploads\/2013\/11\/puce_orange.png\"><img loading=\"lazy\" decoding=\"async\" src=\"https:\/\/biziere.com\/wp-content\/uploads\/2013\/11\/puce_orange.png\" alt=\"puce_orange\" width=\"10\" height=\"10\"><\/a> Bardages<\/h4>\n<ul>\n<li>Bois<\/li>\n<li>Composite<\/li>\n<li>Bois naturel<\/li>\n<li>Peint<\/li>\n<li>Restauration ou transformation de patrimoine<\/li>\n<\/ul>\n<h4><a href=\"https:\/\/biziere.com\/wp-content\/uploads\/2013\/11\/puce_orange.png\"><img loading=\"lazy\" decoding=\"async\" src=\"https:\/\/biziere.com\/wp-content\/uploads\/2013\/11\/puce_orange.png\" alt=\"puce_orange\" width=\"10\" height=\"10\"><\/a> Services+<\/h4>\n<ul>\n<li>Devis gratuits<\/li>\n<li>Devis personnalis\u00e9s<\/li>\n<li>Interventions rapides<\/li>\n<\/ul>\n<h4><a href=\"https:\/\/biziere.com\/wp-content\/uploads\/2013\/11\/puce_orange.png\"><img loading=\"lazy\" decoding=\"async\" src=\"https:\/\/biziere.com\/wp-content\/uploads\/2013\/11\/puce_orange.png\" alt=\"puce_orange\" width=\"10\" height=\"10\"><\/a> Certification, Agr\u00e9ment, Label<\/h4>\n<ul>\n<li>Qualibat 2211<\/li>\n<li>Qualibat 2283<\/li>\n<\/ul>\n<h4><a href=\"https:\/\/biziere.com\/wp-content\/uploads\/2013\/11\/puce_orange.png\"><img loading=\"lazy\" decoding=\"async\" src=\"https:\/\/biziere.com\/wp-content\/uploads\/2013\/11\/puce_orange.png\" alt=\"puce_orange\" width=\"10\" height=\"10\"><\/a> Moyens de paiement<\/h4>\n<ul>\n<li>Ch\u00e8ques bancaires<\/li>\n<li>Virements bancaires<\/li>\n<\/ul>\n<\/div>","protected":false},"excerpt":{"rendered":"<p>Clients Particuliers Professionnels Charpentes Charpente traditionnelle Pr\u00e9au Charpente sur-mesure V\u00e9randa Charpentes industrielles Pose de fermettes Bardages Bois Composite Bois naturel Peint Restauration ou transformation de patrimoine Services+ Devis gratuits Devis personnalis\u00e9s Interventions rapides Certification, Agr\u00e9ment, Label Qualibat 2211 Qualibat 2283 Moyens de paiement Ch\u00e8ques bancaires Virements bancaires<\/p>\n","protected":false},"author":1,"featured_media":0,"parent":0,"menu_order":3,"comment_status":"closed","ping_status":"closed","template":"","meta":{"ngg_post_thumbnail":0,"footnotes":""},"class_list":["post-26","page","type-page","status-publish","hentry"],"_links":{"self":[{"href":"https:\/\/biziere.com\/index.php?rest_route=\/wp\/v2\/pages\/26","targetHints":{"allow":["GET"]}}],"collection":[{"href":"https:\/\/biziere.com\/index.php?rest_route=\/wp\/v2\/pages"}],"about":[{"href":"https:\/\/biziere.com\/index.php?rest_route=\/wp\/v2\/types\/page"}],"author":[{"embeddable":true,"href":"https:\/\/biziere.com\/index.php?rest_route=\/wp\/v2\/users\/1"}],"replies":[{"embeddable":true,"href":"https:\/\/biziere.com\/index.php?rest_route=%2Fwp%2Fv2%2Fcomments&post=26"}],"version-history":[{"count":6,"href":"https:\/\/biziere.com\/index.php?rest_route=\/wp\/v2\/pages\/26\/revisions"}],"predecessor-version":[{"id":471,"href":"https:\/\/biziere.com\/index.php?rest_route=\/wp\/v2\/pages\/26\/revisions\/471"}],"wp:attachment":[{"href":"https:\/\/biziere.com\/index.php?rest_route=%2Fwp%2Fv2%2Fmedia&parent=26"}],"curies":[{"name":"wp","href":"https:\/\/api.w.org\/{rel}","templated":true}]}}