{"id":10,"date":"2013-11-19T15:51:04","date_gmt":"2013-11-19T14:51:04","guid":{"rendered":"http:\/\/biziere.com\/?page_id=10"},"modified":"2019-03-04T13:53:56","modified_gmt":"2019-03-04T12:53:56","slug":"couverture","status":"publish","type":"page","link":"https:\/\/biziere.com\/?page_id=10","title":{"rendered":"Couverture"},"content":{"rendered":"<div style=\"background-repeat: no-repeat;\">ngg_shortcode_0_placeholder\n<h4>&nbsp; <a href=\"https:\/\/biziere.com\/wp-content\/uploads\/2013\/11\/puce_orange.png\"><img loading=\"lazy\" decoding=\"async\" class=\"alignnone size-full wp-image-95\" src=\"https:\/\/biziere.com\/wp-content\/uploads\/2013\/11\/puce_orange.png\" alt=\"puce_orange\" width=\"10\" height=\"10\"><\/a> Clients<\/h4>\n<ul>\n<li>Professionnels<\/li>\n<li>Particuliers<\/li>\n<\/ul>\n<h4><a href=\"https:\/\/biziere.com\/wp-content\/uploads\/2013\/11\/puce_orange.png\"><img loading=\"lazy\" decoding=\"async\" src=\"https:\/\/biziere.com\/wp-content\/uploads\/2013\/11\/puce_orange.png\" alt=\"puce_orange\" width=\"10\" height=\"10\"><\/a> Tuiles<\/h4>\n<ul>\n<li>Tuiles plates<\/li>\n<li>Tuiles m\u00e9caniques<\/li>\n<\/ul>\n<h4><a href=\"https:\/\/biziere.com\/wp-content\/uploads\/2013\/11\/puce_orange.png\"><img loading=\"lazy\" decoding=\"async\" src=\"https:\/\/biziere.com\/wp-content\/uploads\/2013\/11\/puce_orange.png\" alt=\"puce_orange\" width=\"10\" height=\"10\"><\/a> Mati\u00e8res<\/h4>\n<ul>\n<li>M\u00e9tal<\/li>\n<li>Zinc<\/li>\n<li>Cuivre<\/li>\n<li>Membrane PVC<\/li>\n<li>Bac acier<\/li>\n<li>Ardoises<\/li>\n<\/ul>\n<h4><a href=\"https:\/\/biziere.com\/wp-content\/uploads\/2013\/11\/puce_orange.png\"><img loading=\"lazy\" decoding=\"async\" src=\"https:\/\/biziere.com\/wp-content\/uploads\/2013\/11\/puce_orange.png\" alt=\"puce_orange\" width=\"10\" height=\"10\"><\/a> Services<\/h4>\n<ul>\n<li>Restauration<\/li>\n<li>R\u00e9paration<\/li>\n<\/ul>\n<h4><a href=\"https:\/\/biziere.com\/wp-content\/uploads\/2013\/11\/puce_orange.png\"><img loading=\"lazy\" decoding=\"async\" src=\"https:\/\/biziere.com\/wp-content\/uploads\/2013\/11\/puce_orange.png\" alt=\"puce_orange\" width=\"10\" height=\"10\"><\/a> Certification, Agr\u00e9ment, Label <a href=\"https:\/\/biziere.com\/wp-content\/uploads\/2013\/11\/QUALIBAT1.png\"><img loading=\"lazy\" decoding=\"async\" class=\"alignnone size-thumbnail wp-image-93\" src=\"https:\/\/biziere.com\/wp-content\/uploads\/2013\/11\/QUALIBAT1-150x150.png\" alt=\"QUALIBAT\" width=\"37\" height=\"37\" srcset=\"https:\/\/biziere.com\/wp-content\/uploads\/2013\/11\/QUALIBAT1-150x150.png 150w, https:\/\/biziere.com\/wp-content\/uploads\/2013\/11\/QUALIBAT1-300x298.png 300w, https:\/\/biziere.com\/wp-content\/uploads\/2013\/11\/QUALIBAT1-1024x1018.png 1024w, https:\/\/biziere.com\/wp-content\/uploads\/2013\/11\/QUALIBAT1.png 1704w\" sizes=\"auto, (max-width: 37px) 100vw, 37px\" \/><\/a><\/h4>\n<ul>\n<li>Qualibat 3001<\/li>\n<li>Qualibat 3121<\/li>\n<li>Qualibat 3142<\/li>\n<li>Qualibat 3152<\/li>\n<li>Qualibat 3193<\/li>\n<\/ul>\n<h4><a href=\"https:\/\/biziere.com\/wp-content\/uploads\/2013\/11\/puce_orange.png\"><img loading=\"lazy\" decoding=\"async\" src=\"https:\/\/biziere.com\/wp-content\/uploads\/2013\/11\/puce_orange.png\" alt=\"puce_orange\" width=\"10\" height=\"10\"><\/a> Moyens de paiement<\/h4>\n<ul>\n<li>Ch\u00e8ques bancaires<\/li>\n<li>Virements bancaires<\/li>\n<\/ul>\n<\/div>","protected":false},"excerpt":{"rendered":"<p>&nbsp; Clients Professionnels Particuliers Tuiles Tuiles plates Tuiles m\u00e9caniques Mati\u00e8res M\u00e9tal Zinc Cuivre Membrane PVC Bac acier Ardoises Services Restauration R\u00e9paration Certification, Agr\u00e9ment, Label Qualibat 3001 Qualibat 3121 Qualibat 3142 Qualibat 3152 Qualibat 3193 Moyens de paiement Ch\u00e8ques bancaires Virements bancaires<\/p>\n","protected":false},"author":1,"featured_media":0,"parent":0,"menu_order":2,"comment_status":"closed","ping_status":"closed","template":"","meta":{"ngg_post_thumbnail":0,"footnotes":""},"class_list":["post-10","page","type-page","status-publish","hentry"],"_links":{"self":[{"href":"https:\/\/biziere.com\/index.php?rest_route=\/wp\/v2\/pages\/10","targetHints":{"allow":["GET"]}}],"collection":[{"href":"https:\/\/biziere.com\/index.php?rest_route=\/wp\/v2\/pages"}],"about":[{"href":"https:\/\/biziere.com\/index.php?rest_route=\/wp\/v2\/types\/page"}],"author":[{"embeddable":true,"href":"https:\/\/biziere.com\/index.php?rest_route=\/wp\/v2\/users\/1"}],"replies":[{"embeddable":true,"href":"https:\/\/biziere.com\/index.php?rest_route=%2Fwp%2Fv2%2Fcomments&post=10"}],"version-history":[{"count":12,"href":"https:\/\/biziere.com\/index.php?rest_route=\/wp\/v2\/pages\/10\/revisions"}],"predecessor-version":[{"id":470,"href":"https:\/\/biziere.com\/index.php?rest_route=\/wp\/v2\/pages\/10\/revisions\/470"}],"wp:attachment":[{"href":"https:\/\/biziere.com\/index.php?rest_route=%2Fwp%2Fv2%2Fmedia&parent=10"}],"curies":[{"name":"wp","href":"https:\/\/api.w.org\/{rel}","templated":true}]}}